{"id":1675,"date":"2024-07-11T16:35:23","date_gmt":"2024-07-11T14:35:23","guid":{"rendered":"https:\/\/dnyvedy.zcu.cz\/?page_id=1675"},"modified":"2024-09-20T13:05:33","modified_gmt":"2024-09-20T11:05:33","slug":"domu-2","status":"publish","type":"page","link":"https:\/\/dnyvedy.zcu.cz\/","title":{"rendered":"Dom\u016f"},"content":{"rendered":"\t\t<div data-elementor-type=\"wp-page\" data-elementor-id=\"1675\" class=\"elementor elementor-1675\">\n\t\t\t\t<div class=\"elementor-element elementor-element-6bbe188 e-con-full e-flex wpr-particle-no wpr-jarallax-no wpr-parallax-no wpr-sticky-section-no e-con e-parent\" data-id=\"6bbe188\" data-element_type=\"container\" data-settings=\"{&quot;background_background&quot;:&quot;classic&quot;}\">\n\t\t\t\t<div class=\"elementor-element elementor-element-3c79c6a elementor-widget elementor-widget-image\" data-id=\"3c79c6a\" data-element_type=\"widget\" data-widget_type=\"image.default\">\n\t\t\t\t<div class=\"elementor-widget-container\">\n\t\t\t<style>\/*! elementor - v3.22.0 - 26-06-2024 *\/\n.elementor-widget-image{text-align:center}.elementor-widget-image a{display:inline-block}.elementor-widget-image a img[src$=\".svg\"]{width:48px}.elementor-widget-image img{vertical-align:middle;display:inline-block}<\/style>\t\t\t\t\t\t\t\t\t\t<img fetchpriority=\"high\" decoding=\"async\" width=\"1920\" height=\"647\" src=\"https:\/\/dnyvedy.zcu.cz\/wp-content\/uploads\/2024\/07\/X.jpg\" class=\"attachment-full size-full wp-image-1870\" alt=\"\" srcset=\"https:\/\/dnyvedy.zcu.cz\/wp-content\/uploads\/2024\/07\/X.jpg 1920w, https:\/\/dnyvedy.zcu.cz\/wp-content\/uploads\/2024\/07\/X-300x101.jpg 300w, https:\/\/dnyvedy.zcu.cz\/wp-content\/uploads\/2024\/07\/X-1024x345.jpg 1024w, https:\/\/dnyvedy.zcu.cz\/wp-content\/uploads\/2024\/07\/X-768x259.jpg 768w, https:\/\/dnyvedy.zcu.cz\/wp-content\/uploads\/2024\/07\/X-1536x518.jpg 1536w\" sizes=\"(max-width: 1920px) 100vw, 1920px\" \/>\t\t\t\t\t\t\t\t\t\t\t\t\t<\/div>\n\t\t\t\t<\/div>\n\t\t\t\t<\/div>\n\t\t<div class=\"elementor-element elementor-element-94d1570 e-con-full e-flex wpr-particle-no wpr-jarallax-no wpr-parallax-no wpr-sticky-section-no e-con e-parent\" data-id=\"94d1570\" data-element_type=\"container\">\n\t\t\t\t<div class=\"elementor-element elementor-element-c6388a4 elementor-widget elementor-widget-text-editor\" data-id=\"c6388a4\" data-element_type=\"widget\" data-widget_type=\"text-editor.default\">\n\t\t\t\t<div class=\"elementor-widget-container\">\n\t\t\t<style>\/*! elementor - v3.22.0 - 26-06-2024 *\/\n.elementor-widget-text-editor.elementor-drop-cap-view-stacked .elementor-drop-cap{background-color:#69727d;color:#fff}.elementor-widget-text-editor.elementor-drop-cap-view-framed .elementor-drop-cap{color:#69727d;border:3px solid;background-color:transparent}.elementor-widget-text-editor:not(.elementor-drop-cap-view-default) .elementor-drop-cap{margin-top:8px}.elementor-widget-text-editor:not(.elementor-drop-cap-view-default) .elementor-drop-cap-letter{width:1em;height:1em}.elementor-widget-text-editor .elementor-drop-cap{float:left;text-align:center;line-height:1;font-size:50px}.elementor-widget-text-editor .elementor-drop-cap-letter{display:inline-block}<\/style>\t\t\t\t<p><strong>Dny v\u011bdy a techniky 2024 <\/strong>jsou za n\u00e1mi! Letos jste s n\u00e1mi vyrazili do region\u016f.<\/p>\t\t\t\t\t\t<\/div>\n\t\t\t\t<\/div>\n\t\t\t\t<div class=\"elementor-element elementor-element-2d23d62 elementor-widget elementor-widget-text-editor\" data-id=\"2d23d62\" data-element_type=\"widget\" data-widget_type=\"text-editor.default\">\n\t\t\t\t<div class=\"elementor-widget-container\">\n\t\t\t\t\t\t\t<p>D\u011bkujeme v\u00e1m v\u0161em, kte\u0159\u00ed jste zav\u00edtali do na\u0161ich expozic, i v\u011bdc\u016fm a v\u011bdkyn\u00edm, je\u017e v\u00e1s zasv\u011btili do taj\u016f jednotliv\u00fdch v\u011bdn\u00edch obor\u016f.<\/p>\t\t\t\t\t\t<\/div>\n\t\t\t\t<\/div>\n\t\t\t\t<div class=\"elementor-element elementor-element-c03e264 elementor-widget elementor-widget-spacer\" data-id=\"c03e264\" data-element_type=\"widget\" data-widget_type=\"spacer.default\">\n\t\t\t\t<div class=\"elementor-widget-container\">\n\t\t\t<style>\/*! elementor - v3.22.0 - 26-06-2024 *\/\n.elementor-column .elementor-spacer-inner{height:var(--spacer-size)}.e-con{--container-widget-width:100%}.e-con-inner>.elementor-widget-spacer,.e-con>.elementor-widget-spacer{width:var(--container-widget-width,var(--spacer-size));--align-self:var(--container-widget-align-self,initial);--flex-shrink:0}.e-con-inner>.elementor-widget-spacer>.elementor-widget-container,.e-con>.elementor-widget-spacer>.elementor-widget-container{height:100%;width:100%}.e-con-inner>.elementor-widget-spacer>.elementor-widget-container>.elementor-spacer,.e-con>.elementor-widget-spacer>.elementor-widget-container>.elementor-spacer{height:100%}.e-con-inner>.elementor-widget-spacer>.elementor-widget-container>.elementor-spacer>.elementor-spacer-inner,.e-con>.elementor-widget-spacer>.elementor-widget-container>.elementor-spacer>.elementor-spacer-inner{height:var(--container-widget-height,var(--spacer-size))}.e-con-inner>.elementor-widget-spacer.elementor-widget-empty,.e-con>.elementor-widget-spacer.elementor-widget-empty{position:relative;min-height:22px;min-width:22px}.e-con-inner>.elementor-widget-spacer.elementor-widget-empty .elementor-widget-empty-icon,.e-con>.elementor-widget-spacer.elementor-widget-empty .elementor-widget-empty-icon{position:absolute;top:0;bottom:0;left:0;right:0;margin:auto;padding:0;width:22px;height:22px}<\/style>\t\t<div class=\"elementor-spacer\">\n\t\t\t<div class=\"elementor-spacer-inner\"><\/div>\n\t\t<\/div>\n\t\t\t\t<\/div>\n\t\t\t\t<\/div>\n\t\t\t\t<div class=\"elementor-element elementor-element-44d70cc elementor-widget elementor-widget-text-editor\" data-id=\"44d70cc\" data-element_type=\"widget\" data-widget_type=\"text-editor.default\">\n\t\t\t\t<div class=\"elementor-widget-container\">\n\t\t\t\t\t\t\t<p class=\"has-text-align-center has-normal-font-size\" style=\"text-align: center;\"><strong>Ob\u011b akce si m\u016f\u017eete p\u0159ipomenout ve fotogaleri\u00edch.<\/strong><\/p>\t\t\t\t\t\t<\/div>\n\t\t\t\t<\/div>\n\t\t<div class=\"elementor-element elementor-element-74eff70 e-grid e-con-boxed wpr-particle-no wpr-jarallax-no wpr-parallax-no wpr-sticky-section-no e-con e-child\" data-id=\"74eff70\" data-element_type=\"container\">\n\t\t\t\t\t<div class=\"e-con-inner\">\n\t\t\t\t<div class=\"elementor-element elementor-element-1a97b11 wpr-button-icon-a-position-left wpr-button-icon-b-position-right elementor-widget elementor-widget-wpr-dual-button\" data-id=\"1a97b11\" data-element_type=\"widget\" data-widget_type=\"wpr-dual-button.default\">\n\t\t\t\t<div class=\"elementor-widget-container\">\n\t\t\t\t\n\t<div class=\"wpr-dual-button\">\n\t\t\t\t\n\t\t\n\t\t<div class=\"wpr-button-a-wrap elementor-clearfix\">\n\t\t<a class=\"wpr-button-a wpr-button-effect wpr-button-none\" data-text=\"Go 1\" href=\"https:\/\/eu.zonerama.com\/Zapadoceskauniverzita\/Album\/11608165\" target=\"_blank\">\n\t\t\t\n\t\t\t<span class=\"wpr-button-content-a\">\n\t\t\t\t\t\t\t\t\t<span class=\"wpr-button-text-a\">KLATOVY 2024<\/span>\n\t\t\t\t\t\t\t\t\n\t\t\t\t\t\t\t<\/span>\n\t\t<\/a>\n\n\t\t\n\t\t\n\t\t<\/div>\n\n\t\t\n\t\t\t\t\t\n\t\t\n\t\t<div class=\"wpr-button-b-wrap elementor-clearfix\">\n\t\t<a class=\"wpr-button-b wpr-button-effect wpr-button-none\" data-text=\"Go\" href=\"https:\/\/www.youtube.com\/watch?v=rBfNXL6y-kM\" target=\"_blank\">\n\t\t\t\n\t\t\t<span class=\"wpr-button-content-b\">\n\t\t\t\t\t\t\t\t\t<span class=\"wpr-button-text-b\">KLATOVY video<\/span>\n\t\t\t\t\t\t\t\t\n\t\t\t\t\t\t\t<\/span>\n\t\t<\/a>\n\n\t\t\t\t<\/div>\n\t\n\t\t\t<\/div>\n\t\t\t<\/div>\n\t\t\t\t<\/div>\n\t\t\t\t<div class=\"elementor-element elementor-element-46ce8d5 wpr-button-icon-a-position-left wpr-button-icon-b-position-right elementor-widget elementor-widget-wpr-dual-button\" data-id=\"46ce8d5\" data-element_type=\"widget\" data-widget_type=\"wpr-dual-button.default\">\n\t\t\t\t<div class=\"elementor-widget-container\">\n\t\t\t\t\n\t<div class=\"wpr-dual-button\">\n\t\t\t\t\n\t\t\n\t\t<div class=\"wpr-button-a-wrap elementor-clearfix\">\n\t\t<a class=\"wpr-button-a wpr-button-effect wpr-button-none\" data-text=\"Go 1\" href=\"https:\/\/eu.zonerama.com\/Zapadoceskauniverzita\/Album\/12038364\" target=\"_blank\">\n\t\t\t\n\t\t\t<span class=\"wpr-button-content-a\">\n\t\t\t\t\t\t\t\t\t<span class=\"wpr-button-text-a\">TACHOV 2024<\/span>\n\t\t\t\t\t\t\t\t\n\t\t\t\t\t\t\t<\/span>\n\t\t<\/a>\n\n\t\t\n\t\t\n\t\t<\/div>\n\n\t\t\n\t\t\t<\/div>\n\t\t\t<\/div>\n\t\t\t\t<\/div>\n\t\t\t\t\t<\/div>\n\t\t\t\t<\/div>\n\t\t\t\t<div class=\"elementor-element elementor-element-09de6eb elementor-widget elementor-widget-spacer\" data-id=\"09de6eb\" data-element_type=\"widget\" data-widget_type=\"spacer.default\">\n\t\t\t\t<div class=\"elementor-widget-container\">\n\t\t\t\t\t<div class=\"elementor-spacer\">\n\t\t\t<div class=\"elementor-spacer-inner\"><\/div>\n\t\t<\/div>\n\t\t\t\t<\/div>\n\t\t\t\t<\/div>\n\t\t\t\t<div class=\"elementor-element elementor-element-28a8f38 elementor-widget elementor-widget-text-editor\" data-id=\"28a8f38\" data-element_type=\"widget\" data-widget_type=\"text-editor.default\">\n\t\t\t\t<div class=\"elementor-widget-container\">\n\t\t\t\t\t\t\t<p><strong><span class=\"has-inline-color\" style=\"color: #e13090;\">Budeme se na v\u00e1s op\u011bt t\u011b\u0161it v n\u00e1sleduj\u00edc\u00edm roce.<br \/><\/span><\/strong><\/p>\t\t\t\t\t\t<\/div>\n\t\t\t\t<\/div>\n\t\t\t\t<div class=\"elementor-element elementor-element-8819894 elementor-widget elementor-widget-spacer\" data-id=\"8819894\" data-element_type=\"widget\" data-widget_type=\"spacer.default\">\n\t\t\t\t<div class=\"elementor-widget-container\">\n\t\t\t\t\t<div class=\"elementor-spacer\">\n\t\t\t<div class=\"elementor-spacer-inner\"><\/div>\n\t\t<\/div>\n\t\t\t\t<\/div>\n\t\t\t\t<\/div>\n\t\t\t\t<div class=\"elementor-element elementor-element-f21e901 elementor-widget elementor-widget-heading\" data-id=\"f21e901\" data-element_type=\"widget\" data-widget_type=\"heading.default\">\n\t\t\t\t<div class=\"elementor-widget-container\">\n\t\t\t<style>\/*! elementor - v3.22.0 - 26-06-2024 *\/\n.elementor-heading-title{padding:0;margin:0;line-height:1}.elementor-widget-heading .elementor-heading-title[class*=elementor-size-]>a{color:inherit;font-size:inherit;line-height:inherit}.elementor-widget-heading .elementor-heading-title.elementor-size-small{font-size:15px}.elementor-widget-heading .elementor-heading-title.elementor-size-medium{font-size:19px}.elementor-widget-heading .elementor-heading-title.elementor-size-large{font-size:29px}.elementor-widget-heading .elementor-heading-title.elementor-size-xl{font-size:39px}.elementor-widget-heading .elementor-heading-title.elementor-size-xxl{font-size:59px}<\/style><h2 class=\"elementor-heading-title elementor-size-default\">DEN V\u011aDY A TECHNIKY PRO V\u00c1S ORGANIZUJE:<\/h2>\t\t<\/div>\n\t\t\t\t<\/div>\n\t\t\t\t<\/div>\n\t\t<div class=\"elementor-element elementor-element-c50b88e e-flex e-con-boxed wpr-particle-no wpr-jarallax-no wpr-parallax-no wpr-sticky-section-no e-con e-parent\" data-id=\"c50b88e\" data-element_type=\"container\">\n\t\t\t\t\t<div class=\"e-con-inner\">\n\t\t<div class=\"elementor-element elementor-element-77691f7 e-con-full e-flex wpr-particle-no wpr-jarallax-no wpr-parallax-no wpr-sticky-section-no e-con e-child\" data-id=\"77691f7\" data-element_type=\"container\">\n\t\t\t\t<div class=\"elementor-element elementor-element-bfa7484 elementor-widget elementor-widget-image\" data-id=\"bfa7484\" data-element_type=\"widget\" data-widget_type=\"image.default\">\n\t\t\t\t<div class=\"elementor-widget-container\">\n\t\t\t\t\t\t\t\t\t\t\t\t\t\t<a href=\"https:\/\/www.zcu.cz\/cs\/index.html\" target=\"_blank\">\n\t\t\t\t\t\t\t<img decoding=\"async\" width=\"960\" height=\"384\" src=\"https:\/\/dnyvedy.zcu.cz\/wp-content\/uploads\/2024\/07\/LOGO-ZCU-dvt-1024x410.jpg\" class=\"attachment-large size-large wp-image-2096\" alt=\"\" srcset=\"https:\/\/dnyvedy.zcu.cz\/wp-content\/uploads\/2024\/07\/LOGO-ZCU-dvt-1024x410.jpg 1024w, https:\/\/dnyvedy.zcu.cz\/wp-content\/uploads\/2024\/07\/LOGO-ZCU-dvt-300x120.jpg 300w, https:\/\/dnyvedy.zcu.cz\/wp-content\/uploads\/2024\/07\/LOGO-ZCU-dvt-768x307.jpg 768w, https:\/\/dnyvedy.zcu.cz\/wp-content\/uploads\/2024\/07\/LOGO-ZCU-dvt.jpg 1500w\" sizes=\"(max-width: 960px) 100vw, 960px\" \/>\t\t\t\t\t\t\t\t<\/a>\n\t\t\t\t\t\t\t\t\t\t\t\t\t<\/div>\n\t\t\t\t<\/div>\n\t\t\t\t<\/div>\n\t\t<div class=\"elementor-element elementor-element-2daf95a e-con-full e-flex wpr-particle-no wpr-jarallax-no wpr-parallax-no wpr-sticky-section-no e-con e-child\" data-id=\"2daf95a\" data-element_type=\"container\">\n\t\t\t\t<div class=\"elementor-element elementor-element-f9455dd elementor-widget elementor-widget-image\" data-id=\"f9455dd\" data-element_type=\"widget\" data-widget_type=\"image.default\">\n\t\t\t\t<div class=\"elementor-widget-container\">\n\t\t\t\t\t\t\t\t\t\t\t\t\t\t<a href=\"https:\/\/formujemeplzen.zcu.cz\/\" target=\"_blank\">\n\t\t\t\t\t\t\t<img decoding=\"async\" width=\"886\" height=\"283\" src=\"https:\/\/dnyvedy.zcu.cz\/wp-content\/uploads\/2024\/08\/ZCU_FORMUJEME_NEJEN_LOGO_RGB_BLUE.jpg\" class=\"attachment-large size-large wp-image-2257\" alt=\"\" srcset=\"https:\/\/dnyvedy.zcu.cz\/wp-content\/uploads\/2024\/08\/ZCU_FORMUJEME_NEJEN_LOGO_RGB_BLUE.jpg 886w, https:\/\/dnyvedy.zcu.cz\/wp-content\/uploads\/2024\/08\/ZCU_FORMUJEME_NEJEN_LOGO_RGB_BLUE-300x96.jpg 300w, https:\/\/dnyvedy.zcu.cz\/wp-content\/uploads\/2024\/08\/ZCU_FORMUJEME_NEJEN_LOGO_RGB_BLUE-768x245.jpg 768w\" sizes=\"(max-width: 886px) 100vw, 886px\" \/>\t\t\t\t\t\t\t\t<\/a>\n\t\t\t\t\t\t\t\t\t\t\t\t\t<\/div>\n\t\t\t\t<\/div>\n\t\t\t\t<\/div>\n\t\t\t\t\t<\/div>\n\t\t\t\t<\/div>\n\t\t<div class=\"elementor-element elementor-element-06a843b e-flex e-con-boxed wpr-particle-no wpr-jarallax-no wpr-parallax-no wpr-sticky-section-no e-con e-parent\" data-id=\"06a843b\" data-element_type=\"container\">\n\t\t\t\t\t<div class=\"e-con-inner\">\n\t\t\t\t<div class=\"elementor-element elementor-element-8a64aac elementor-widget elementor-widget-spacer\" data-id=\"8a64aac\" data-element_type=\"widget\" data-widget_type=\"spacer.default\">\n\t\t\t\t<div class=\"elementor-widget-container\">\n\t\t\t\t\t<div class=\"elementor-spacer\">\n\t\t\t<div class=\"elementor-spacer-inner\"><\/div>\n\t\t<\/div>\n\t\t\t\t<\/div>\n\t\t\t\t<\/div>\n\t\t\t\t<div class=\"elementor-element elementor-element-c040ec5 elementor-widget elementor-widget-heading\" data-id=\"c040ec5\" data-element_type=\"widget\" data-widget_type=\"heading.default\">\n\t\t\t\t<div class=\"elementor-widget-container\">\n\t\t\t<h2 class=\"elementor-heading-title elementor-size-default\">DEN V\u011aDY A TECHNIKY PODPORUJ\u00cd:<\/h2>\t\t<\/div>\n\t\t\t\t<\/div>\n\t\t\t\t<div class=\"elementor-element elementor-element-89e7555 elementor-widget elementor-widget-spacer\" data-id=\"89e7555\" data-element_type=\"widget\" data-widget_type=\"spacer.default\">\n\t\t\t\t<div class=\"elementor-widget-container\">\n\t\t\t\t\t<div class=\"elementor-spacer\">\n\t\t\t<div class=\"elementor-spacer-inner\"><\/div>\n\t\t<\/div>\n\t\t\t\t<\/div>\n\t\t\t\t<\/div>\n\t\t\t\t\t<\/div>\n\t\t\t\t<\/div>\n\t\t<div class=\"elementor-element elementor-element-6d05a64 e-flex e-con-boxed wpr-particle-no wpr-jarallax-no wpr-parallax-no wpr-sticky-section-no e-con e-parent\" data-id=\"6d05a64\" data-element_type=\"container\">\n\t\t\t\t\t<div class=\"e-con-inner\">\n\t\t<div class=\"elementor-element elementor-element-f99f3c6 e-con-full e-flex wpr-particle-no wpr-jarallax-no wpr-parallax-no wpr-sticky-section-no e-con e-child\" data-id=\"f99f3c6\" data-element_type=\"container\">\n\t\t\t\t<div class=\"elementor-element elementor-element-ec7534d elementor-widget elementor-widget-image\" data-id=\"ec7534d\" data-element_type=\"widget\" data-widget_type=\"image.default\">\n\t\t\t\t<div class=\"elementor-widget-container\">\n\t\t\t\t\t\t\t\t\t\t\t\t\t<img loading=\"lazy\" decoding=\"async\" width=\"300\" height=\"120\" src=\"https:\/\/dnyvedy.zcu.cz\/wp-content\/uploads\/2024\/06\/Tachov-logo-1-300x120.jpg\" class=\"attachment-medium size-medium wp-image-1594\" alt=\"\" srcset=\"https:\/\/dnyvedy.zcu.cz\/wp-content\/uploads\/2024\/06\/Tachov-logo-1-300x120.jpg 300w, https:\/\/dnyvedy.zcu.cz\/wp-content\/uploads\/2024\/06\/Tachov-logo-1-1024x410.jpg 1024w, https:\/\/dnyvedy.zcu.cz\/wp-content\/uploads\/2024\/06\/Tachov-logo-1-768x307.jpg 768w, https:\/\/dnyvedy.zcu.cz\/wp-content\/uploads\/2024\/06\/Tachov-logo-1-150x60.jpg 150w, https:\/\/dnyvedy.zcu.cz\/wp-content\/uploads\/2024\/06\/Tachov-logo-1.jpg 1500w\" sizes=\"(max-width: 300px) 100vw, 300px\" \/>\t\t\t\t\t\t\t\t\t\t\t\t\t<\/div>\n\t\t\t\t<\/div>\n\t\t\t\t<\/div>\n\t\t<div class=\"elementor-element elementor-element-e3b4bc7 e-con-full e-flex wpr-particle-no wpr-jarallax-no wpr-parallax-no wpr-sticky-section-no e-con e-child\" data-id=\"e3b4bc7\" data-element_type=\"container\">\n\t\t\t\t<div class=\"elementor-element elementor-element-89e2fa0 elementor-widget elementor-widget-image\" data-id=\"89e2fa0\" data-element_type=\"widget\" data-widget_type=\"image.default\">\n\t\t\t\t<div class=\"elementor-widget-container\">\n\t\t\t\t\t\t\t\t\t\t\t\t\t<img loading=\"lazy\" decoding=\"async\" width=\"300\" height=\"120\" src=\"https:\/\/dnyvedy.zcu.cz\/wp-content\/uploads\/2024\/04\/PK-logo-zona-B_PNG-300x120.png\" class=\"attachment-medium size-medium wp-image-1204\" alt=\"\" srcset=\"https:\/\/dnyvedy.zcu.cz\/wp-content\/uploads\/2024\/04\/PK-logo-zona-B_PNG-300x120.png 300w, https:\/\/dnyvedy.zcu.cz\/wp-content\/uploads\/2024\/04\/PK-logo-zona-B_PNG-1024x410.png 1024w, https:\/\/dnyvedy.zcu.cz\/wp-content\/uploads\/2024\/04\/PK-logo-zona-B_PNG-768x307.png 768w, https:\/\/dnyvedy.zcu.cz\/wp-content\/uploads\/2024\/04\/PK-logo-zona-B_PNG-150x60.png 150w, https:\/\/dnyvedy.zcu.cz\/wp-content\/uploads\/2024\/04\/PK-logo-zona-B_PNG.png 1500w\" sizes=\"(max-width: 300px) 100vw, 300px\" \/>\t\t\t\t\t\t\t\t\t\t\t\t\t<\/div>\n\t\t\t\t<\/div>\n\t\t\t\t<\/div>\n\t\t<div class=\"elementor-element elementor-element-db43581 e-con-full e-flex wpr-particle-no wpr-jarallax-no wpr-parallax-no wpr-sticky-section-no e-con e-child\" data-id=\"db43581\" data-element_type=\"container\">\n\t\t\t\t<div class=\"elementor-element elementor-element-38cf499 elementor-widget elementor-widget-image\" data-id=\"38cf499\" data-element_type=\"widget\" data-widget_type=\"image.default\">\n\t\t\t\t<div class=\"elementor-widget-container\">\n\t\t\t\t\t\t\t\t\t\t\t\t\t<img loading=\"lazy\" decoding=\"async\" width=\"300\" height=\"120\" src=\"https:\/\/dnyvedy.zcu.cz\/wp-content\/uploads\/2024\/06\/Klatovy-logo-4-300x120.jpg\" class=\"attachment-medium size-medium wp-image-1599\" alt=\"\" srcset=\"https:\/\/dnyvedy.zcu.cz\/wp-content\/uploads\/2024\/06\/Klatovy-logo-4-300x120.jpg 300w, https:\/\/dnyvedy.zcu.cz\/wp-content\/uploads\/2024\/06\/Klatovy-logo-4-1024x410.jpg 1024w, https:\/\/dnyvedy.zcu.cz\/wp-content\/uploads\/2024\/06\/Klatovy-logo-4-768x307.jpg 768w, https:\/\/dnyvedy.zcu.cz\/wp-content\/uploads\/2024\/06\/Klatovy-logo-4-150x60.jpg 150w, https:\/\/dnyvedy.zcu.cz\/wp-content\/uploads\/2024\/06\/Klatovy-logo-4.jpg 1500w\" sizes=\"(max-width: 300px) 100vw, 300px\" \/>\t\t\t\t\t\t\t\t\t\t\t\t\t<\/div>\n\t\t\t\t<\/div>\n\t\t\t\t<\/div>\n\t\t\t\t\t<\/div>\n\t\t\t\t<\/div>\n\t\t<div class=\"elementor-element elementor-element-b5982be e-flex e-con-boxed wpr-particle-no wpr-jarallax-no wpr-parallax-no wpr-sticky-section-no e-con e-parent\" data-id=\"b5982be\" data-element_type=\"container\">\n\t\t\t\t\t<div class=\"e-con-inner\">\n\t\t\t\t<div class=\"elementor-element elementor-element-a8860b8 elementor-widget elementor-widget-spacer\" data-id=\"a8860b8\" data-element_type=\"widget\" data-widget_type=\"spacer.default\">\n\t\t\t\t<div class=\"elementor-widget-container\">\n\t\t\t\t\t<div class=\"elementor-spacer\">\n\t\t\t<div class=\"elementor-spacer-inner\"><\/div>\n\t\t<\/div>\n\t\t\t\t<\/div>\n\t\t\t\t<\/div>\n\t\t\t\t\t<\/div>\n\t\t\t\t<\/div>\n\t\t<div class=\"elementor-element elementor-element-8708f53 e-flex e-con-boxed wpr-particle-no wpr-jarallax-no wpr-parallax-no wpr-sticky-section-no e-con e-parent\" data-id=\"8708f53\" data-element_type=\"container\">\n\t\t\t\t\t<div class=\"e-con-inner\">\n\t\t<div class=\"elementor-element elementor-element-6fc5a2a e-flex e-con-boxed wpr-particle-no wpr-jarallax-no wpr-parallax-no wpr-sticky-section-no e-con e-child\" data-id=\"6fc5a2a\" data-element_type=\"container\" data-settings=\"{&quot;position&quot;:&quot;absolute&quot;}\">\n\t\t\t\t\t<div class=\"e-con-inner\">\n\t\t<div class=\"elementor-element elementor-element-3c2636e e-flex e-con-boxed wpr-particle-no wpr-jarallax-no wpr-parallax-no wpr-sticky-section-no e-con e-child\" data-id=\"3c2636e\" data-element_type=\"container\" data-settings=\"{&quot;background_background&quot;:&quot;gradient&quot;,&quot;position&quot;:&quot;absolute&quot;}\">\n\t\t\t\t\t<div class=\"e-con-inner\">\n\t\t\t\t<div class=\"elementor-element elementor-element-018b5d1 elementor-absolute elementor-widget elementor-widget-heading\" data-id=\"018b5d1\" data-element_type=\"widget\" data-settings=\"{&quot;_position&quot;:&quot;absolute&quot;}\" data-widget_type=\"heading.default\">\n\t\t\t\t<div class=\"elementor-widget-container\">\n\t\t\t<h2 class=\"elementor-heading-title elementor-size-default\">\u00a9 2006 - 2024, Den v\u011bdy a techniky, v\u0161echna pr\u00e1va vyhrazena<\/h2>\t\t<\/div>\n\t\t\t\t<\/div>\n\t\t\t\t\t<\/div>\n\t\t\t\t<\/div>\n\t\t\t\t\t<\/div>\n\t\t\t\t<\/div>\n\t\t\t\t\t<\/div>\n\t\t\t\t<\/div>\n\t\t\t\t<\/div>\n\t\t","protected":false},"excerpt":{"rendered":"<p>Dny v\u011bdy a techniky 2024 jsou za n\u00e1mi! Letos jste s n\u00e1mi vyrazili do region\u016f. D\u011bkujeme v\u00e1m v\u0161em, kte\u0159\u00ed jste zav\u00edtali do na\u0161ich expozic, i v\u011bdc\u016fm a v\u011bdkyn\u00edm, je\u017e v\u00e1s zasv\u011btili do taj\u016f jednotliv\u00fdch v\u011bdn\u00edch obor\u016f. Ob\u011b akce si m\u016f\u017eete p\u0159ipomenout ve fotogaleri\u00edch. KLATOVY 2024 KLATOVY video TACHOV 2024 Budeme se na v\u00e1s op\u011bt t\u011b\u0161it v n\u00e1sleduj\u00edc\u00edm roce. DEN V\u011aDY A TECHNIKY PRO V\u00c1S ORGANIZUJE: DEN V\u011aDY A TECHNIKY PODPORUJ\u00cd: \u00a9 2006 &#8211; 2024, Den v\u011bdy a techniky, v\u0161echna pr\u00e1va vyhrazena<\/p>\n","protected":false},"author":5,"featured_media":1685,"parent":0,"menu_order":0,"comment_status":"closed","ping_status":"closed","template":"elementor_header_footer","meta":{"footnotes":""},"_links":{"self":[{"href":"https:\/\/dnyvedy.zcu.cz\/wp-json\/wp\/v2\/pages\/1675"}],"collection":[{"href":"https:\/\/dnyvedy.zcu.cz\/wp-json\/wp\/v2\/pages"}],"about":[{"href":"https:\/\/dnyvedy.zcu.cz\/wp-json\/wp\/v2\/types\/page"}],"author":[{"embeddable":true,"href":"https:\/\/dnyvedy.zcu.cz\/wp-json\/wp\/v2\/users\/5"}],"replies":[{"embeddable":true,"href":"https:\/\/dnyvedy.zcu.cz\/wp-json\/wp\/v2\/comments?post=1675"}],"version-history":[{"count":128,"href":"https:\/\/dnyvedy.zcu.cz\/wp-json\/wp\/v2\/pages\/1675\/revisions"}],"predecessor-version":[{"id":2341,"href":"https:\/\/dnyvedy.zcu.cz\/wp-json\/wp\/v2\/pages\/1675\/revisions\/2341"}],"wp:featuredmedia":[{"embeddable":true,"href":"https:\/\/dnyvedy.zcu.cz\/wp-json\/wp\/v2\/media\/1685"}],"wp:attachment":[{"href":"https:\/\/dnyvedy.zcu.cz\/wp-json\/wp\/v2\/media?parent=1675"}],"curies":[{"name":"wp","href":"https:\/\/api.w.org\/{rel}","templated":true}]}}